{"id":191,"date":"2023-09-06T15:11:13","date_gmt":"2023-09-06T15:11:13","guid":{"rendered":"https:\/\/itclleida.panelserver.me\/?page_id=191"},"modified":"2023-11-20T13:00:42","modified_gmt":"2023-11-20T13:00:42","slug":"politicas-de-cookies","status":"publish","type":"page","link":"https:\/\/itclleida.net\/es\/politica-de-cookies\/","title":{"rendered":"Politiques de cookies"},"content":{"rendered":"<div data-elementor-type=\"wp-page\" data-elementor-id=\"191\" class=\"elementor elementor-191\" data-elementor-post-type=\"page\">\n\t\t\t\t\t\t<section class=\"elementor-section elementor-top-section elementor-element elementor-element-2e22583 elementor-section-boxed elementor-section-height-default elementor-section-height-default\" data-id=\"2e22583\" data-element_type=\"section\">\n\t\t\t\t\t\t<div class=\"elementor-container elementor-column-gap-default\">\n\t\t\t\t\t<div class=\"elementor-column elementor-col-100 elementor-top-column elementor-element elementor-element-aa4d829\" data-id=\"aa4d829\" data-element_type=\"column\">\n\t\t\t<div class=\"elementor-widget-wrap elementor-element-populated\">\n\t\t\t\t\t\t<div class=\"elementor-element elementor-element-eea2a71 elementor-widget elementor-widget-text-editor\" data-id=\"eea2a71\" data-element_type=\"widget\" data-widget_type=\"text-editor.default\">\n\t\t\t\t<div class=\"elementor-widget-container\">\n\t\t\t\t\t\t\t\t\t<h1>Pol\u00edtica de Cookies<\/h1><p>La web de <strong>Agusti Jimenez Perez<\/strong> utiliza cookies propias y de terceros. Una cookie es un fichero que se descarga a su ordenador al acceder en acabadas p\u00e1ginas web, entre otros finalidades, asegurar el correcto funcionamiento de la p\u00e1gina, permitir al Usuario un acceso m\u00e1s r\u00e1pido a los servicios seleccionados, almacenar y recuperar informaci\u00f3n sobre los h\u00e1bitos de navegaci\u00f3n de un usuario o de su equipo e incluso, dependiendo de la informaci\u00f3n que contengan y de la forma en que se utilice su equipo, se pueden utilizar para reconocer al usuario. Las cookies se asocian \u00fanicamente a un usuario an\u00f3nimo y su ordenador o dispositivo y no proporcionan referencias que permitan conocer sus datos personales, excepto permiso expr\u00e9s de aquel.<\/p><p>Seg\u00fan la directiva de la UE, las cookies que requieren el consentimiento informado por parte del usuario son las cookies de anal\u00edtica, las de publicidad y afiliaci\u00f3n, quedando exceptuadas las de car\u00e1cter t\u00e9cnico y las necesarias para el funcionamiento de la p\u00e1gina web o la prestaci\u00f3n de servicios expresamente demandados por el usuario.<\/p><p><strong>Tipo de Cookies<\/strong><\/p><p>Las Cookies pueden clasificarse, en virtud de sus caracter\u00edsticas propias, dentro de diversas categor\u00edas, dentro de varias categor\u00edas:<\/p><p>Segons l&#8217;entitat que les gestiona:<\/p><ul><li><strong>Cookies propias:<\/strong> Son aquellas que se env\u00edan a tu ordenador y son gestionadas exclusivamente por nosotros para el mejor funcionamiento del Sitio web.<\/li><li><strong>Cookies de terceros: <\/strong>Son aquellas que se env\u00edan a tu ordenador y no son gestionadas por nosotros sino por una tercera entidad.<\/li><\/ul><p>Seg\u00fan el plazo de tiempo que permanecen activas:<\/p><ul><li><strong>Cookies de sesi\u00f3n:<\/strong>Este tipo de cookies recaudan y almacenan datos \u00fanicamente mientras el Usuario accede a al Sitio web.<\/li><li><strong>Cookies persistentes:<\/strong> Mediante este tipo de cookies los datos siguen almacenados y pueden ser accedidos y tratados durante el periodo definido por el responsable de las cookie, y puede ir de unos minutos en varios a\u00f1os.<\/li><\/ul><p>Seg\u00fan la finalidad:<\/p><ul><li><strong>cookies t\u00e9cnicas<\/strong>: Son aquellas que permiten al usuario la navegaci\u00f3n a trav\u00e9s del sitio web, plataforma o aplicaci\u00f3n y la utilizaci\u00f3n de las diferentes opciones o servicios que el mismo ofrece, como por ejemplo, controlar el tr\u00e1fico y la comunicaci\u00f3n de datos, identificar la sesi\u00f3n , acceder a partes de acceso restringido, recordar los elementos que integran un pedido, realizar el proceso de compra de un pedido, realizar la solicitud de inscripci\u00f3n o participaci\u00f3n en un acontecimiento, utilizar elementos de seguridad durante la navegaci\u00f3n, almacenar contenidos para la difusi\u00f3n de videos o sonido o compartir contenidos a trav\u00e9s de redes sociales.<\/li><li><strong>cookies de personalizaci\u00f3n o preferencias:<\/strong> Son aquellas que permiten al usuario acceder al servicio con algunas caracter\u00edsticas de car\u00e1cter general predefinidas, como por ejemplo el idioma, la configuraci\u00f3n regional desde donde se accede al servicio, etc.<\/li><li><strong>cookies de an\u00e1lisis:<\/strong> Son aquellas que permiten al responsable de las mismas, el seguimiento y an\u00e1lisis del comportamiento de los usuarios de los sitios web a los que est\u00e1n vinculadas. La informaci\u00f3n recogida mediante este tipo de cookies se utiliza en la medici\u00f3n de la actividad de los sitios web, aplicaci\u00f3n o plataforma y para la elaboraci\u00f3n de perfiles de navegaci\u00f3n de los usuarios de estos lugares, aplicaciones y plataformas, para introducir mejoras en funci\u00f3n del an\u00e1lisis de los datos de uso que hacen los usuarios del servicio.<\/li><li><strong>cookies publicitarias:<\/strong> Son aquellas que permiten la gesti\u00f3n, de la forma m\u00e1s eficaz posible, de los espacios publicitarios que, si procede, se haya incluido en el sitio web, aplicaci\u00f3n o plataforma desde la cual presta el servicio solicitado en base a los criterios como el contenido editado o la frecuencia en que se muestran los anuncios. Recogen informaci\u00f3n sobre las preferencias y elecciones personales de los usuarios.<\/li><\/ul><p>Cookies utilizadas en esta web:<\/p><table width=\"613\"><tbody><tr><td width=\"123\">nombre<\/td><td width=\"123\">Tipo (t\u00e9cnicas, personalizaci\u00f3n, an\u00e1lisis o publicitarias)<\/td><td width=\"123\">Duraci\u00f3n<\/td><td width=\"123\">Finalidad<\/td><td width=\"123\">Finalidad Propias\/Terceros Identificaci\u00f3n del tercero (link a la Pol\u00edtica de Cookies del tercero)<\/td><\/tr><tr><td width=\"123\"><strong>wordpress_<\/strong><\/td><td width=\"123\">Recordatorio de Sesi\u00f3n<\/td><td width=\"123\">Sesi\u00f3n<\/td><td width=\"123\">Recordatorio de Sesi\u00f3n<\/td><td width=\"123\">\u00a0<\/td><\/tr><tr><td width=\"123\"><strong>wordpress_logged_in_<\/strong><\/td><td width=\"123\">Recordatorio de Sesi\u00f3n<\/td><td width=\"123\">Sesi\u00f3n<\/td><td width=\"123\">Recordatorio de Sesi\u00f3n<\/td><td width=\"123\">\u00a0<\/td><\/tr><tr><td width=\"123\"><strong>wordpress_test_<\/strong><\/td><td width=\"123\">Recordatorio de Sesi\u00f3n<\/td><td width=\"123\">Sesi\u00f3n<\/td><td width=\"123\">Recordatorio de Sesi\u00f3n<\/td><td width=\"123\">\u00a0<\/td><\/tr><tr><td width=\"123\"><strong>wordpress_test_cookie<\/strong><\/td><td width=\"123\">WordPress Test Cookies<\/td><td width=\"123\">Sesi\u00f3n<\/td><td width=\"123\">Recordatorio de Sesi\u00f3n<\/td><td width=\"123\">\u00a0<\/td><\/tr><tr><td width=\"123\"><strong>wp-settings-[UID]<\/strong><\/td><td width=\"123\">Se utiliza para personalizar la interfaz de usuario.<\/td><td width=\"123\">1 a\u00f1o<\/td><td width=\"123\">Se utiliza para personalizar la interfaz de usuario.<\/td><td width=\"123\">\u00a0<\/td><\/tr><tr><td width=\"123\"><strong>wp-settings-time-[UID]<\/strong><\/td><td width=\"123\">Almacena el aspecto de la interfaz de administraci\u00f3n y del lugar principal.<\/td><td width=\"123\">1 a\u00f1o<\/td><td width=\"123\">Almacena el aspecto de la interfaz de administraci\u00f3n y del lugar principal.<\/td><td width=\"123\">\u00a0<\/td><\/tr><\/tbody><\/table><p><strong>COOKIES DE TERCERS<\/strong><\/p><p>Google Analitycs. Las bibliotecas gtag.js, analytics.js y ga.js configuran las cookies siguientes:<\/p><table width=\"643\"><tbody><tr><td width=\"113\"><strong>Nombre<\/strong><\/td><td width=\"132\"><strong>Duraci\u00f3n<\/strong><\/td><td width=\"397\"><strong>Descripci\u00f3n<\/strong><\/td><\/tr><tr><td width=\"113\">_ga<\/td><td width=\"132\">2 anys<\/td><td width=\"397\">Se usa para distinguir a los usuarios.<\/td><\/tr><tr><td width=\"113\">_gid<\/td><td width=\"132\">24 horas<\/td><td width=\"397\">Se usa para distinguir a los usuarios.<\/td><\/tr><tr><td width=\"113\">_gat<\/td><td width=\"132\">1 minuto<\/td><td width=\"397\">Se usa para limitar el porcentaje de solicitudes. Si se ha implementado Google Analytics intermediando Google Tag Manager, esta cookie se llamar\u00e1 _dc_**gtm_.<\/td><\/tr><tr><td width=\"113\">_gac_&lt;property-id&gt;<\/td><td width=\"132\">90 d\u00edas<\/td><td width=\"397\">Incluye informaci\u00f3n de la campa\u00f1a relativa al usuario. Si has vinculado tus cuentas de Google Analytics y Google Ads, las etiquetas de conversi\u00f3n en sitio web de Google Ads leer\u00e1n esta cookie, salvo que la inhabilites.<br \/><br \/><\/td><\/tr><tr><td width=\"113\">__utma<\/td><td width=\"132\">2 a\u00f1os a partir de la configuraci\u00f3n o actualizaci\u00f3n<\/td><td width=\"397\">Se usa para distinguir usuarios y sesiones. La cookie se crea cuando se ejecuta la biblioteca de JavaScript y no hay ning\u00fan cookie __utma. La cookie se actualiza cada vez que se env\u00edan datos en Google Analytics.<\/td><\/tr><tr><td width=\"113\">__utmt<\/td><td width=\"132\">10 minutos<\/td><td width=\"397\">Se usa para limitar el porcentaje de solicitudes.<\/td><\/tr><tr><td width=\"113\">__utmb<\/td><td width=\"132\">30 minutos a partir de la configuraci\u00f3n o actualizaci\u00f3n<\/td><td width=\"397\">Se usa para determinar nuevas sesiones o visitas. La cookie se crea cuando se ejecuta la biblioteca de JavaScript y no hay ning\u00fan cookie __utmb. La cookie se actualiza cada vez que se env\u00edan datos en Google Analytics.<\/td><\/tr><tr><td width=\"113\">__utmc<\/td><td width=\"132\">Fin de la sesi\u00f3n del navegador<\/td><td width=\"397\">No se usa en ga.js. Se configura para interactuar con urchin.js. Anteriormente, esta cookie actuaba junto con la cookie __utmb para determinar si el usuario estaba en una nueva sesi\u00f3n o visita.<\/td><\/tr><tr><td width=\"113\">__utmz<\/td><td width=\"132\">6 meses a partir de la configuraci\u00f3n o actualizaci\u00f3n<\/td><td width=\"397\">Almacena la fuente de tr\u00e1fico o la campa\u00f1a que explica c\u00f3mo ha llegado el usuario al sitio web. La cookie se crea cuando se ejecuta la biblioteca de JavaScript y se actualiza cada vez que se env\u00edan datos en Google Analytics.<\/td><\/tr><tr><td width=\"113\">__utmv<\/td><td width=\"132\">2 a\u00f1os a partir de la configuraci\u00f3n o actualizaci\u00f3n<\/td><td width=\"397\">Se usa para almacenar datos de variables personalizadas a nivel de visitante. Esta cookie se crea cuando un programador usa el m\u00e9todo _setCustomVar con una variable personalizada a nivel de visitante. Tambi\u00e9n se usaba para el m\u00e9todo _setVar, que ya no est\u00e1 disponible. La cookie se actualiza cada vez que se env\u00edan datos en Google Analytics.<\/td><\/tr><\/tbody><\/table><p>Pol\u00edtica de cookies de Google Analytics:<\/p><p><a href=\"https:\/\/developers.google.com\/analytics\/devguides\/collection\/analyticsjs\/cookie-usage?hl=es\">https:\/\/developers.google.com\/analytics\/devguides\/collection\/analyticsjs\/cookie-usage?hl=es<\/a><\/p><p>Esta mesa puede ser actualizada de acuerdo con las galletas empleadas en cada momento. Te aconsejamos que consultes nuestra Pol\u00edtica de Cookies de forma regular.<\/p><p><strong>Se realizan transferencias de datos en terceros pa\u00edses?<\/strong><\/p><p>Puedes informarte de las transferencias a terceros pa\u00edses que, si procede, realizan los terceros identificados en esta pol\u00edtica de cookies en sus correspondientes pol\u00edticas (Ver los enlaces facilitados en la tabla anterior, en el apartado de galletas de terceros).<\/p><p><strong>C\u00f3mo desactivar y bloquear las cookies?<\/strong><\/p><p>Te informamos que, en cualquier caso, puedes desactivar o bloquear las cookies activando la configuraci\u00f3n de tu navegador, permitiendo rechazar la instalaci\u00f3n de todas o algunas de las cookies. En caso de no permitir la instalaci\u00f3n de cookies es posible que no puedas acceder a algunas de las funcionalidades del presente sitio web, y por tanto, tu experiencia como usuario en el sitio web resulte menos satisfactoria.<\/p><p>Puedes permitir, bloquear o eliminar las cookies instaladas en tu equipo mediante la configuraci\u00f3n de las opciones del navegador instalado a tu ordenador. Para mayor informaci\u00f3n sobre como ajustar sus configuraciones de cookies en los siguientes navegadores, te remitimos al enlace pertinente:<\/p><p>Internet Explorer<\/p><ul><li><a href=\"https:\/\/support.microsoft.com\/es-es\/help\/17442\/windows-internet-explorer-deletemanage-cookies\">https:\/\/support.microsoft.com\/es-es\/help\/17442\/windows-internet-explorer-deletemanage-cookies<\/a><\/li><\/ul><p>Firefox<\/p><ul><li><a href=\"https:\/\/support.mozilla.org\/es\/kb\/habilitar-y-deshabilitar-cookies-sitios-web-rastrearpreferencias?redirectlocale=es&amp;redirectslug=habilitar-y-deshabilitar-cookies-que-los-sitioswe\">https:\/\/support.mozilla.org\/es\/kb\/habilitar-y-deshabilitar-cookies-sitios-web-rastrearpreferencias?redirectlocale=es&amp;redirectslug=habilitar-y-deshabilitar-cookies-que-los-sitioswe<\/a><\/li><\/ul><p>Chrome<\/p><ul><li><a href=\"http:\/\/support.google.com\/chrome\/bin\/answer.py?hl=en&amp;answer=95647\">http:\/\/support.google.com\/chrome\/bin\/answer.py?hl=en&amp;answer=95647<\/a><\/li><\/ul><p>Safari<\/p><ul><li><a href=\"https:\/\/support.apple.com\/kb\/PH19214?viewlocale=es_ES&amp;locale=es_ES\">https:\/\/support.apple.com\/kb\/PH19214?viewlocale=es_ES&amp;locale=es_ES<\/a><\/li><\/ul><p>Opera<\/p><ul><li><a href=\"http:\/\/help.opera.com\/Windows\/11.50\/es-ES\/cookies.html\">http:\/\/help.opera.com\/Windows\/11.50\/es-ES\/cookies.html<\/a><\/li><\/ul><p><strong>QU\u00c9 DERECHOS TIENES SOBRE LOS DATOS PERSONALES APORTADOS?<\/strong><\/p><p>Como usuario, puedes ejercitar los derechos siguientes:<\/p><ul><li><strong>Derecho de acceso:<\/strong> Tienes derecho a obtener por parte de la empresa confirmaci\u00f3n de si se est\u00e1n tratando o no tus datos personales que, y en su caso, qu\u00e9 datos trata.<\/li><li><strong>Derecho de rectificaci\u00f3n:<\/strong> Tienes derecho a obtener por parte de la empresa, la rectificaci\u00f3n de los datos personales inexactos que te conciernen. En la solicitud de rectificaci\u00f3n tendr\u00e1s que indicar los datos que quieres que se modifiquen.<\/li><li><strong>Derecho de oposici\u00f3n:<\/strong> Tienes derecho a oponerte en cualquier momento, por motivos relacionados con tu situaci\u00f3n particular, al hecho que datos personales que te conciernan sean objeto de un tratamiento basado en el inter\u00e9s leg\u00edtimo de la empresa. En este caso, la empresa dejar\u00e1 de tratar los datos personales, salvo que acreditamos motivos leg\u00edtimos imperiosos para el tratamiento que prevalezcan sobre tus intereses, derechos y libertades, o para la formulaci\u00f3n, el ejercicio o la defensa de reclamaciones.<\/li><li><strong>Derecho de supresi\u00f3n:<\/strong> Tienes derecho a obtener por parte de la empresa, la supresi\u00f3n de los datos personales que te conciernan.<\/li><li><strong>Derecho a la portabilidad de los datos: <\/strong>Tienes derecho al hecho que la empresa transfiera tus datos personales a otro responsable del tratamiento. Solo es posible ejercer este derecho cuando el tratamiento est\u00e9 basado en la ejecuci\u00f3n de un contrato o a tu consentimiento y el tratamiento se realice por medios automatizados.<\/li><li><strong>Derecho a la limitaci\u00f3n del tratamiento: <\/strong>Tienes derecho a solicitarnos que suspendamos el tratamiento de tus datos cu\u00e1ndo: impugnas la exactitud de los datos, mientras la empresa verifica esta exactitud; hayas ejercido el derecho de oposici\u00f3n en el tratamiento de tus datos, mientras que se verifica si los motivos leg\u00edtimos de la empresa prevalecen sobre los tuyos como interesado.<\/li><li><strong>Derecho a no ser objeto de decisiones individuales automatizadas, incluida la elaboraci\u00f3n de perfiles:<\/strong> Tienes derecho a no ser objeto de una decisi\u00f3n basada \u00fanicamente en el tratamiento automatizado, incluida la elaboraci\u00f3n de perfiles, que produzca efectos jur\u00eddicos o te afecte significativamente de manera similar.<\/li><\/ul><p>En cualquier momento, podr\u00e1s ejercer estos derechos, mediante un escrito y acreditando Tu personalidad dirigido a <strong>Agusti Jimenez Perez<\/strong>, con direcci\u00f3n en <strong>Lleida, 1, Torre-Serona, 25131, Lleida<\/strong>, o a trav\u00e9s de la direcci\u00f3n de correo electr\u00f3nico: <strong>agusti@itclleida.net <\/strong>.<\/p><p>Adem\u00e1s, podr\u00e1s presentar una reclamaci\u00f3n ante la autoridad de control, en este caso, la Agencia Espa\u00f1ola de Protecci\u00f3n de Datos, si consideras que el tratamiento de datos personales infringe la legislaci\u00f3n aplicable.<\/p>\t\t\t\t\t\t\t\t<\/div>\n\t\t\t\t<\/div>\n\t\t\t\t\t<\/div>\n\t\t<\/div>\n\t\t\t\t\t<\/div>\n\t\t<\/section>\n\t\t\t\t<\/div>","protected":false},"excerpt":{"rendered":"<p>Pol\u00edtica de Cookies El web de Agusti Jimenez Perez utilitza cookies pr\u00f2pies i de tercers. Una cookie \u00e9s un fitxer que es descarrega al seu ordinador a l&#8217;accedir a acabades p\u00e0gines web, entre d&#8217;altres finalitats, assegurar el correcte funcionament de la p\u00e0gina, permetre a l&#8217;Usuari un acc\u00e9s m\u00e9s r\u00e0pid als serveis seleccionats, emmagatzemar i recuperar [&hellip;]<\/p>","protected":false},"author":1,"featured_media":0,"parent":0,"menu_order":0,"comment_status":"closed","ping_status":"closed","template":"elementor_header_footer","meta":{"footnotes":""},"yoast_head":"<!-- This site is optimized with the Yoast SEO plugin v24.5 - https:\/\/yoast.com\/wordpress\/plugins\/seo\/ -->\n<title>Politiques de cookies - I.T.C. LLEIDA<\/title>\n<meta name=\"robots\" content=\"index, follow, max-snippet:-1, max-image-preview:large, max-video-preview:-1\" \/>\n<link rel=\"canonical\" href=\"https:\/\/itclleida.net\/es\/politica-de-cookies\/\" \/>\n<meta property=\"og:locale\" content=\"es_ES\" \/>\n<meta property=\"og:type\" content=\"article\" \/>\n<meta property=\"og:title\" content=\"Politiques de cookies - I.T.C. LLEIDA\" \/>\n<meta property=\"og:description\" content=\"Pol\u00edtica de Cookies El web de Agusti Jimenez Perez utilitza cookies pr\u00f2pies i de tercers. Una cookie \u00e9s un fitxer que es descarrega al seu ordinador a l&#8217;accedir a acabades p\u00e0gines web, entre d&#8217;altres finalitats, assegurar el correcte funcionament de la p\u00e0gina, permetre a l&#8217;Usuari un acc\u00e9s m\u00e9s r\u00e0pid als serveis seleccionats, emmagatzemar i recuperar [&hellip;]\" \/>\n<meta property=\"og:url\" content=\"https:\/\/itclleida.net\/es\/politica-de-cookies\/\" \/>\n<meta property=\"og:site_name\" content=\"I.T.C. LLEIDA\" \/>\n<meta property=\"article:modified_time\" content=\"2023-11-20T13:00:42+00:00\" \/>\n<meta name=\"twitter:card\" content=\"summary_large_image\" \/>\n<meta name=\"twitter:label1\" content=\"Tiempo de lectura\" \/>\n\t<meta name=\"twitter:data1\" content=\"8 minutos\" \/>\n<script type=\"application\/ld+json\" class=\"yoast-schema-graph\">{\"@context\":\"https:\/\/schema.org\",\"@graph\":[{\"@type\":\"WebPage\",\"@id\":\"https:\/\/itclleida.net\/politicas-de-cookies\/\",\"url\":\"https:\/\/itclleida.net\/politicas-de-cookies\/\",\"name\":\"Politiques de cookies - I.T.C. LLEIDA\",\"isPartOf\":{\"@id\":\"https:\/\/itclleida.net\/#website\"},\"datePublished\":\"2023-09-06T15:11:13+00:00\",\"dateModified\":\"2023-11-20T13:00:42+00:00\",\"breadcrumb\":{\"@id\":\"https:\/\/itclleida.net\/politicas-de-cookies\/#breadcrumb\"},\"inLanguage\":\"es\",\"potentialAction\":[{\"@type\":\"ReadAction\",\"target\":[\"https:\/\/itclleida.net\/politicas-de-cookies\/\"]}]},{\"@type\":\"BreadcrumbList\",\"@id\":\"https:\/\/itclleida.net\/politicas-de-cookies\/#breadcrumb\",\"itemListElement\":[{\"@type\":\"ListItem\",\"position\":1,\"name\":\"Portada\",\"item\":\"https:\/\/itclleida.net\/\"},{\"@type\":\"ListItem\",\"position\":2,\"name\":\"Politiques de cookies\"}]},{\"@type\":\"WebSite\",\"@id\":\"https:\/\/itclleida.net\/#website\",\"url\":\"https:\/\/itclleida.net\/\",\"name\":\"I.T.C. LLEIDA\",\"description\":\"\",\"potentialAction\":[{\"@type\":\"SearchAction\",\"target\":{\"@type\":\"EntryPoint\",\"urlTemplate\":\"https:\/\/itclleida.net\/?s={search_term_string}\"},\"query-input\":{\"@type\":\"PropertyValueSpecification\",\"valueRequired\":true,\"valueName\":\"search_term_string\"}}],\"inLanguage\":\"es\"}]}<\/script>\n<!-- \/ Yoast SEO plugin. -->","yoast_head_json":{"title":"Politiques de cookies - I.T.C. LLEIDA","robots":{"index":"index","follow":"follow","max-snippet":"max-snippet:-1","max-image-preview":"max-image-preview:large","max-video-preview":"max-video-preview:-1"},"canonical":"https:\/\/itclleida.net\/es\/politica-de-cookies\/","og_locale":"es_ES","og_type":"article","og_title":"Politiques de cookies - I.T.C. LLEIDA","og_description":"Pol\u00edtica de Cookies El web de Agusti Jimenez Perez utilitza cookies pr\u00f2pies i de tercers. Una cookie \u00e9s un fitxer que es descarrega al seu ordinador a l&#8217;accedir a acabades p\u00e0gines web, entre d&#8217;altres finalitats, assegurar el correcte funcionament de la p\u00e0gina, permetre a l&#8217;Usuari un acc\u00e9s m\u00e9s r\u00e0pid als serveis seleccionats, emmagatzemar i recuperar [&hellip;]","og_url":"https:\/\/itclleida.net\/es\/politica-de-cookies\/","og_site_name":"I.T.C. LLEIDA","article_modified_time":"2023-11-20T13:00:42+00:00","twitter_card":"summary_large_image","twitter_misc":{"Tiempo de lectura":"8 minutos"},"schema":{"@context":"https:\/\/schema.org","@graph":[{"@type":"WebPage","@id":"https:\/\/itclleida.net\/politicas-de-cookies\/","url":"https:\/\/itclleida.net\/politicas-de-cookies\/","name":"Politiques de cookies - I.T.C. LLEIDA","isPartOf":{"@id":"https:\/\/itclleida.net\/#website"},"datePublished":"2023-09-06T15:11:13+00:00","dateModified":"2023-11-20T13:00:42+00:00","breadcrumb":{"@id":"https:\/\/itclleida.net\/politicas-de-cookies\/#breadcrumb"},"inLanguage":"es","potentialAction":[{"@type":"ReadAction","target":["https:\/\/itclleida.net\/politicas-de-cookies\/"]}]},{"@type":"BreadcrumbList","@id":"https:\/\/itclleida.net\/politicas-de-cookies\/#breadcrumb","itemListElement":[{"@type":"ListItem","position":1,"name":"Portada","item":"https:\/\/itclleida.net\/"},{"@type":"ListItem","position":2,"name":"Politiques de cookies"}]},{"@type":"WebSite","@id":"https:\/\/itclleida.net\/#website","url":"https:\/\/itclleida.net\/","name":"I.T.C. LLEIDA","description":"","potentialAction":[{"@type":"SearchAction","target":{"@type":"EntryPoint","urlTemplate":"https:\/\/itclleida.net\/?s={search_term_string}"},"query-input":{"@type":"PropertyValueSpecification","valueRequired":true,"valueName":"search_term_string"}}],"inLanguage":"es"}]}},"_links":{"self":[{"href":"https:\/\/itclleida.net\/es\/wp-json\/wp\/v2\/pages\/191"}],"collection":[{"href":"https:\/\/itclleida.net\/es\/wp-json\/wp\/v2\/pages"}],"about":[{"href":"https:\/\/itclleida.net\/es\/wp-json\/wp\/v2\/types\/page"}],"author":[{"embeddable":true,"href":"https:\/\/itclleida.net\/es\/wp-json\/wp\/v2\/users\/1"}],"replies":[{"embeddable":true,"href":"https:\/\/itclleida.net\/es\/wp-json\/wp\/v2\/comments?post=191"}],"version-history":[{"count":19,"href":"https:\/\/itclleida.net\/es\/wp-json\/wp\/v2\/pages\/191\/revisions"}],"predecessor-version":[{"id":384,"href":"https:\/\/itclleida.net\/es\/wp-json\/wp\/v2\/pages\/191\/revisions\/384"}],"wp:attachment":[{"href":"https:\/\/itclleida.net\/es\/wp-json\/wp\/v2\/media?parent=191"}],"curies":[{"name":"wp","href":"https:\/\/api.w.org\/{rel}","templated":true}]}}