{"id":49,"date":"2023-09-05T09:42:03","date_gmt":"2023-09-05T09:42:03","guid":{"rendered":"https:\/\/itclleida.panelserver.me\/?page_id=49"},"modified":"2023-11-21T14:07:22","modified_gmt":"2023-11-21T14:07:22","slug":"solucions-integrals","status":"publish","type":"page","link":"https:\/\/itclleida.net\/es\/soluciones-integrales\/","title":{"rendered":"Soluciones integrales"},"content":{"rendered":"<div data-elementor-type=\"wp-page\" data-elementor-id=\"49\" class=\"elementor elementor-49\" data-elementor-post-type=\"page\">\n\t\t\t\t\t\t<section class=\"elementor-section elementor-top-section elementor-element elementor-element-1071cc9d elementor-section-boxed elementor-section-height-default elementor-section-height-default\" data-id=\"1071cc9d\" data-element_type=\"section\" data-settings=\"{&quot;background_background&quot;:&quot;classic&quot;,&quot;background_motion_fx_motion_fx_scrolling&quot;:&quot;yes&quot;,&quot;background_motion_fx_translateY_effect&quot;:&quot;yes&quot;,&quot;background_motion_fx_devices&quot;:[&quot;desktop&quot;,&quot;tablet&quot;],&quot;background_motion_fx_translateY_speed&quot;:{&quot;unit&quot;:&quot;px&quot;,&quot;size&quot;:4,&quot;sizes&quot;:[]},&quot;background_motion_fx_translateY_affectedRange&quot;:{&quot;unit&quot;:&quot;%&quot;,&quot;size&quot;:&quot;&quot;,&quot;sizes&quot;:{&quot;start&quot;:0,&quot;end&quot;:100}}}\">\n\t\t\t\t\t\t\t<div class=\"elementor-background-overlay\"><\/div>\n\t\t\t\t\t\t\t<div class=\"elementor-container elementor-column-gap-default\">\n\t\t\t\t\t<div class=\"elementor-column elementor-col-100 elementor-top-column elementor-element elementor-element-4b29084c elementor-invisible\" data-id=\"4b29084c\" data-element_type=\"column\" data-settings=\"{&quot;animation&quot;:&quot;fadeInUp&quot;}\">\n\t\t\t<div class=\"elementor-widget-wrap elementor-element-populated\">\n\t\t\t\t\t\t<div class=\"elementor-element elementor-element-4a8ae449 elementor-widget elementor-widget-heading\" data-id=\"4a8ae449\" data-element_type=\"widget\" data-widget_type=\"heading.default\">\n\t\t\t\t<div class=\"elementor-widget-container\">\n\t\t\t\t\t<h1 class=\"elementor-heading-title elementor-size-default\">Soluciones integrales<\/h1>\t\t\t\t<\/div>\n\t\t\t\t<\/div>\n\t\t\t\t\t<\/div>\n\t\t<\/div>\n\t\t\t\t\t<\/div>\n\t\t<\/section>\n\t\t\t\t<section class=\"elementor-section elementor-top-section elementor-element elementor-element-77314dd elementor-reverse-tablet elementor-reverse-mobile elementor-section-boxed elementor-section-height-default elementor-section-height-default\" data-id=\"77314dd\" data-element_type=\"section\">\n\t\t\t\t\t\t<div class=\"elementor-container elementor-column-gap-default\">\n\t\t\t\t\t<div class=\"elementor-column elementor-col-50 elementor-top-column elementor-element elementor-element-5a9be4d\" data-id=\"5a9be4d\" data-element_type=\"column\">\n\t\t\t<div class=\"elementor-widget-wrap elementor-element-populated\">\n\t\t\t\t\t\t<div class=\"elementor-element elementor-element-4700c31 elementor-widget elementor-widget-heading\" data-id=\"4700c31\" data-element_type=\"widget\" data-widget_type=\"heading.default\">\n\t\t\t\t<div class=\"elementor-widget-container\">\n\t\t\t\t\t<h2 class=\"elementor-heading-title elementor-size-default\">Proyectos inform\u00e1ticos<\/h2>\t\t\t\t<\/div>\n\t\t\t\t<\/div>\n\t\t\t\t<div class=\"elementor-element elementor-element-a48d82c elementor-widget elementor-widget-text-editor\" data-id=\"a48d82c\" data-element_type=\"widget\" data-widget_type=\"text-editor.default\">\n\t\t\t\t<div class=\"elementor-widget-container\">\n\t\t\t\t\t\t\t\t\t<p>Queremos poner a vuestra disposicion todo un abanico de proyectos inform\u00e1ticos y posibilidades para que vuestra empresa pueda estar en el d\u00eda en soluciones \u201csoftware-Hardware\u201d y pueda tener la integraci\u00f3n total entre ellos.<\/p><p>Os asesoraremos en servicios de integraci\u00f3n de vuestra empresa en Telefon\u00eda fija, m\u00f2bil, internet y otros tipos de comunicaciones as\u00ed como en p\u00e1ginas web corporativas y en su total implantaci\u00f3n.<\/p><p>Te ponemos a disposici\u00f3n un assesor t\u00e9cnico en todo el proceso aixi como un asesor externo directamente del Fabricante o Integrador.<\/p>\t\t\t\t\t\t\t\t<\/div>\n\t\t\t\t<\/div>\n\t\t\t\t\t<\/div>\n\t\t<\/div>\n\t\t\t\t<div class=\"elementor-column elementor-col-50 elementor-top-column elementor-element elementor-element-168063c\" data-id=\"168063c\" data-element_type=\"column\">\n\t\t\t<div class=\"elementor-widget-wrap elementor-element-populated\">\n\t\t\t\t\t\t<div class=\"elementor-element elementor-element-5a315ac elementor-widget elementor-widget-image\" data-id=\"5a315ac\" data-element_type=\"widget\" data-widget_type=\"image.default\">\n\t\t\t\t<div class=\"elementor-widget-container\">\n\t\t\t\t\t\t\t\t\t\t\t\t\t\t\t<img fetchpriority=\"high\" decoding=\"async\" width=\"800\" height=\"645\" src=\"https:\/\/itclleida.net\/wp-content\/uploads\/2023\/09\/foto-explicacio-1024x826.jpg\" class=\"attachment-large size-large wp-image-38\" alt=\"\" srcset=\"https:\/\/itclleida.net\/wp-content\/uploads\/2023\/09\/foto-explicacio-1024x826.jpg 1024w, https:\/\/itclleida.net\/wp-content\/uploads\/2023\/09\/foto-explicacio-300x242.jpg 300w, https:\/\/itclleida.net\/wp-content\/uploads\/2023\/09\/foto-explicacio-768x620.jpg 768w, https:\/\/itclleida.net\/wp-content\/uploads\/2023\/09\/foto-explicacio.jpg 1534w\" sizes=\"(max-width: 800px) 100vw, 800px\" \/>\t\t\t\t\t\t\t\t\t\t\t\t\t\t\t<\/div>\n\t\t\t\t<\/div>\n\t\t\t\t\t<\/div>\n\t\t<\/div>\n\t\t\t\t\t<\/div>\n\t\t<\/section>\n\t\t\t\t<\/div>","protected":false},"excerpt":{"rendered":"<p>Projectes Inform\u00e0tics Volem posar a la vostra disposicio tot un ventall de projectes inform\u00e0tics i possibilitats per tal que la vostra empressa pugui estar al dia en sol.lucions \u201csoftware-Hardware\u201d i pugui tindre la integraci\u00f3 total entre ells. Us assessorarem en serveis d\u2019 integraci\u00f3 de la vostra empresa en Telefonia fixa, m\u00f2vil, internet i altres tipus [&hellip;]<\/p>","protected":false},"author":1,"featured_media":0,"parent":0,"menu_order":0,"comment_status":"closed","ping_status":"closed","template":"elementor_header_footer","meta":{"footnotes":""},"yoast_head":"<!-- This site is optimized with the Yoast SEO plugin v24.5 - https:\/\/yoast.com\/wordpress\/plugins\/seo\/ -->\n<title>Soluciones integrales Lleida<\/title>\n<meta name=\"description\" content=\"Soluciones integrales con ITC Lleida. Asesoramiento en telefonia fija, mobil e internet. Contacta con nosotros para tus proyectos inform\u00e1ticos.\" \/>\n<meta name=\"robots\" content=\"index, follow, max-snippet:-1, max-image-preview:large, max-video-preview:-1\" \/>\n<link rel=\"canonical\" href=\"https:\/\/itclleida.net\/es\/soluciones-integrales\/\" \/>\n<meta property=\"og:locale\" content=\"es_ES\" \/>\n<meta property=\"og:type\" content=\"article\" \/>\n<meta property=\"og:title\" content=\"Soluciones integrales Lleida\" \/>\n<meta property=\"og:description\" content=\"Soluciones integrales con ITC Lleida. Asesoramiento en telefonia fija, mobil e internet. Contacta con nosotros para tus proyectos inform\u00e1ticos.\" \/>\n<meta property=\"og:url\" content=\"https:\/\/itclleida.net\/es\/soluciones-integrales\/\" \/>\n<meta property=\"og:site_name\" content=\"I.T.C. LLEIDA\" \/>\n<meta property=\"article:modified_time\" content=\"2023-11-21T14:07:22+00:00\" \/>\n<meta property=\"og:image\" content=\"https:\/\/itclleida.net\/wp-content\/uploads\/2023\/09\/foto-explicacio-1024x826.jpg\" \/>\n<meta name=\"twitter:card\" content=\"summary_large_image\" \/>\n<meta name=\"twitter:label1\" content=\"Tiempo de lectura\" \/>\n\t<meta name=\"twitter:data1\" content=\"1 minuto\" \/>\n<script type=\"application\/ld+json\" class=\"yoast-schema-graph\">{\"@context\":\"https:\/\/schema.org\",\"@graph\":[{\"@type\":\"WebPage\",\"@id\":\"https:\/\/itclleida.net\/solucions-integrals\/\",\"url\":\"https:\/\/itclleida.net\/solucions-integrals\/\",\"name\":\"Soluciones integrales Lleida\",\"isPartOf\":{\"@id\":\"https:\/\/itclleida.net\/#website\"},\"primaryImageOfPage\":{\"@id\":\"https:\/\/itclleida.net\/solucions-integrals\/#primaryimage\"},\"image\":{\"@id\":\"https:\/\/itclleida.net\/solucions-integrals\/#primaryimage\"},\"thumbnailUrl\":\"https:\/\/itclleida.net\/wp-content\/uploads\/2023\/09\/foto-explicacio-1024x826.jpg\",\"datePublished\":\"2023-09-05T09:42:03+00:00\",\"dateModified\":\"2023-11-21T14:07:22+00:00\",\"description\":\"Soluciones integrales con ITC Lleida. Asesoramiento en telefonia fija, mobil e internet. Contacta con nosotros para tus proyectos inform\u00e1ticos.\",\"breadcrumb\":{\"@id\":\"https:\/\/itclleida.net\/solucions-integrals\/#breadcrumb\"},\"inLanguage\":\"es\",\"potentialAction\":[{\"@type\":\"ReadAction\",\"target\":[\"https:\/\/itclleida.net\/solucions-integrals\/\"]}]},{\"@type\":\"ImageObject\",\"inLanguage\":\"es\",\"@id\":\"https:\/\/itclleida.net\/solucions-integrals\/#primaryimage\",\"url\":\"https:\/\/itclleida.net\/wp-content\/uploads\/2023\/09\/foto-explicacio-1024x826.jpg\",\"contentUrl\":\"https:\/\/itclleida.net\/wp-content\/uploads\/2023\/09\/foto-explicacio-1024x826.jpg\"},{\"@type\":\"BreadcrumbList\",\"@id\":\"https:\/\/itclleida.net\/solucions-integrals\/#breadcrumb\",\"itemListElement\":[{\"@type\":\"ListItem\",\"position\":1,\"name\":\"Portada\",\"item\":\"https:\/\/itclleida.net\/\"},{\"@type\":\"ListItem\",\"position\":2,\"name\":\"Solucions integrals\"}]},{\"@type\":\"WebSite\",\"@id\":\"https:\/\/itclleida.net\/#website\",\"url\":\"https:\/\/itclleida.net\/\",\"name\":\"I.T.C. LLEIDA\",\"description\":\"\",\"potentialAction\":[{\"@type\":\"SearchAction\",\"target\":{\"@type\":\"EntryPoint\",\"urlTemplate\":\"https:\/\/itclleida.net\/?s={search_term_string}\"},\"query-input\":{\"@type\":\"PropertyValueSpecification\",\"valueRequired\":true,\"valueName\":\"search_term_string\"}}],\"inLanguage\":\"es\"}]}<\/script>\n<!-- \/ Yoast SEO plugin. -->","yoast_head_json":{"title":"Soluciones integrales Lleida","description":"Soluciones integrales con ITC Lleida. Asesoramiento en telefonia fija, mobil e internet. Contacta con nosotros para tus proyectos inform\u00e1ticos.","robots":{"index":"index","follow":"follow","max-snippet":"max-snippet:-1","max-image-preview":"max-image-preview:large","max-video-preview":"max-video-preview:-1"},"canonical":"https:\/\/itclleida.net\/es\/soluciones-integrales\/","og_locale":"es_ES","og_type":"article","og_title":"Soluciones integrales Lleida","og_description":"Soluciones integrales con ITC Lleida. Asesoramiento en telefonia fija, mobil e internet. Contacta con nosotros para tus proyectos inform\u00e1ticos.","og_url":"https:\/\/itclleida.net\/es\/soluciones-integrales\/","og_site_name":"I.T.C. LLEIDA","article_modified_time":"2023-11-21T14:07:22+00:00","og_image":[{"url":"https:\/\/itclleida.net\/wp-content\/uploads\/2023\/09\/foto-explicacio-1024x826.jpg","type":"","width":"","height":""}],"twitter_card":"summary_large_image","twitter_misc":{"Tiempo de lectura":"1 minuto"},"schema":{"@context":"https:\/\/schema.org","@graph":[{"@type":"WebPage","@id":"https:\/\/itclleida.net\/solucions-integrals\/","url":"https:\/\/itclleida.net\/solucions-integrals\/","name":"Soluciones integrales Lleida","isPartOf":{"@id":"https:\/\/itclleida.net\/#website"},"primaryImageOfPage":{"@id":"https:\/\/itclleida.net\/solucions-integrals\/#primaryimage"},"image":{"@id":"https:\/\/itclleida.net\/solucions-integrals\/#primaryimage"},"thumbnailUrl":"https:\/\/itclleida.net\/wp-content\/uploads\/2023\/09\/foto-explicacio-1024x826.jpg","datePublished":"2023-09-05T09:42:03+00:00","dateModified":"2023-11-21T14:07:22+00:00","description":"Soluciones integrales con ITC Lleida. Asesoramiento en telefonia fija, mobil e internet. Contacta con nosotros para tus proyectos inform\u00e1ticos.","breadcrumb":{"@id":"https:\/\/itclleida.net\/solucions-integrals\/#breadcrumb"},"inLanguage":"es","potentialAction":[{"@type":"ReadAction","target":["https:\/\/itclleida.net\/solucions-integrals\/"]}]},{"@type":"ImageObject","inLanguage":"es","@id":"https:\/\/itclleida.net\/solucions-integrals\/#primaryimage","url":"https:\/\/itclleida.net\/wp-content\/uploads\/2023\/09\/foto-explicacio-1024x826.jpg","contentUrl":"https:\/\/itclleida.net\/wp-content\/uploads\/2023\/09\/foto-explicacio-1024x826.jpg"},{"@type":"BreadcrumbList","@id":"https:\/\/itclleida.net\/solucions-integrals\/#breadcrumb","itemListElement":[{"@type":"ListItem","position":1,"name":"Portada","item":"https:\/\/itclleida.net\/"},{"@type":"ListItem","position":2,"name":"Solucions integrals"}]},{"@type":"WebSite","@id":"https:\/\/itclleida.net\/#website","url":"https:\/\/itclleida.net\/","name":"I.T.C. LLEIDA","description":"","potentialAction":[{"@type":"SearchAction","target":{"@type":"EntryPoint","urlTemplate":"https:\/\/itclleida.net\/?s={search_term_string}"},"query-input":{"@type":"PropertyValueSpecification","valueRequired":true,"valueName":"search_term_string"}}],"inLanguage":"es"}]}},"_links":{"self":[{"href":"https:\/\/itclleida.net\/es\/wp-json\/wp\/v2\/pages\/49"}],"collection":[{"href":"https:\/\/itclleida.net\/es\/wp-json\/wp\/v2\/pages"}],"about":[{"href":"https:\/\/itclleida.net\/es\/wp-json\/wp\/v2\/types\/page"}],"author":[{"embeddable":true,"href":"https:\/\/itclleida.net\/es\/wp-json\/wp\/v2\/users\/1"}],"replies":[{"embeddable":true,"href":"https:\/\/itclleida.net\/es\/wp-json\/wp\/v2\/comments?post=49"}],"version-history":[{"count":17,"href":"https:\/\/itclleida.net\/es\/wp-json\/wp\/v2\/pages\/49\/revisions"}],"predecessor-version":[{"id":375,"href":"https:\/\/itclleida.net\/es\/wp-json\/wp\/v2\/pages\/49\/revisions\/375"}],"wp:attachment":[{"href":"https:\/\/itclleida.net\/es\/wp-json\/wp\/v2\/media?parent=49"}],"curies":[{"name":"wp","href":"https:\/\/api.w.org\/{rel}","templated":true}]}}