{"id":51,"date":"2023-09-05T09:43:08","date_gmt":"2023-09-05T09:43:08","guid":{"rendered":"https:\/\/itclleida.panelserver.me\/?page_id=51"},"modified":"2023-11-21T14:52:23","modified_gmt":"2023-11-21T14:52:23","slug":"productes-i-partners","status":"publish","type":"page","link":"https:\/\/itclleida.net\/es\/productos-y-partners\/","title":{"rendered":"Productos y partners"},"content":{"rendered":"<div data-elementor-type=\"wp-page\" data-elementor-id=\"51\" class=\"elementor elementor-51\" data-elementor-post-type=\"page\">\n\t\t\t\t\t\t<section class=\"elementor-section elementor-top-section elementor-element elementor-element-5c50abd7 elementor-section-boxed elementor-section-height-default elementor-section-height-default\" data-id=\"5c50abd7\" data-element_type=\"section\" data-settings=\"{&quot;background_background&quot;:&quot;classic&quot;,&quot;background_motion_fx_motion_fx_scrolling&quot;:&quot;yes&quot;,&quot;background_motion_fx_translateY_effect&quot;:&quot;yes&quot;,&quot;background_motion_fx_devices&quot;:[&quot;desktop&quot;,&quot;tablet&quot;],&quot;background_motion_fx_translateY_speed&quot;:{&quot;unit&quot;:&quot;px&quot;,&quot;size&quot;:4,&quot;sizes&quot;:[]},&quot;background_motion_fx_translateY_affectedRange&quot;:{&quot;unit&quot;:&quot;%&quot;,&quot;size&quot;:&quot;&quot;,&quot;sizes&quot;:{&quot;start&quot;:0,&quot;end&quot;:100}}}\">\n\t\t\t\t\t\t\t<div class=\"elementor-background-overlay\"><\/div>\n\t\t\t\t\t\t\t<div class=\"elementor-container elementor-column-gap-default\">\n\t\t\t\t\t<div class=\"elementor-column elementor-col-100 elementor-top-column elementor-element elementor-element-70cf42e7 elementor-invisible\" data-id=\"70cf42e7\" data-element_type=\"column\" data-settings=\"{&quot;animation&quot;:&quot;fadeInUp&quot;}\">\n\t\t\t<div class=\"elementor-widget-wrap elementor-element-populated\">\n\t\t\t\t\t\t<div class=\"elementor-element elementor-element-22a7c5cd elementor-widget elementor-widget-heading\" data-id=\"22a7c5cd\" data-element_type=\"widget\" data-widget_type=\"heading.default\">\n\t\t\t\t<div class=\"elementor-widget-container\">\n\t\t\t\t\t<h1 class=\"elementor-heading-title elementor-size-default\">ITC Lleida, tu inform\u00e1tico en Lleida<\/h1>\t\t\t\t<\/div>\n\t\t\t\t<\/div>\n\t\t\t\t\t<\/div>\n\t\t<\/div>\n\t\t\t\t\t<\/div>\n\t\t<\/section>\n\t\t\t\t<section class=\"elementor-section elementor-top-section elementor-element elementor-element-e47519d elementor-section-boxed elementor-section-height-default elementor-section-height-default\" data-id=\"e47519d\" data-element_type=\"section\">\n\t\t\t\t\t\t<div class=\"elementor-container elementor-column-gap-default\">\n\t\t\t\t\t<div class=\"elementor-column elementor-col-50 elementor-top-column elementor-element elementor-element-82703ef\" data-id=\"82703ef\" data-element_type=\"column\">\n\t\t\t<div class=\"elementor-widget-wrap elementor-element-populated\">\n\t\t\t\t\t\t<div class=\"elementor-element elementor-element-dad8109 elementor-widget elementor-widget-image\" data-id=\"dad8109\" data-element_type=\"widget\" data-widget_type=\"image.default\">\n\t\t\t\t<div class=\"elementor-widget-container\">\n\t\t\t\t\t\t\t\t\t\t\t\t\t\t\t<img fetchpriority=\"high\" decoding=\"async\" width=\"800\" height=\"508\" src=\"https:\/\/itclleida.net\/wp-content\/uploads\/2023\/09\/logos-proveidors-1024x650.jpg\" class=\"attachment-large size-large wp-image-36\" alt=\"\" srcset=\"https:\/\/itclleida.net\/wp-content\/uploads\/2023\/09\/logos-proveidors-1024x650.jpg 1024w, https:\/\/itclleida.net\/wp-content\/uploads\/2023\/09\/logos-proveidors-300x190.jpg 300w, https:\/\/itclleida.net\/wp-content\/uploads\/2023\/09\/logos-proveidors-768x487.jpg 768w, https:\/\/itclleida.net\/wp-content\/uploads\/2023\/09\/logos-proveidors-1536x975.jpg 1536w, https:\/\/itclleida.net\/wp-content\/uploads\/2023\/09\/logos-proveidors.jpg 1839w\" sizes=\"(max-width: 800px) 100vw, 800px\" \/>\t\t\t\t\t\t\t\t\t\t\t\t\t\t\t<\/div>\n\t\t\t\t<\/div>\n\t\t\t\t\t<\/div>\n\t\t<\/div>\n\t\t\t\t<div class=\"elementor-column elementor-col-50 elementor-top-column elementor-element elementor-element-2cf769e\" data-id=\"2cf769e\" data-element_type=\"column\">\n\t\t\t<div class=\"elementor-widget-wrap elementor-element-populated\">\n\t\t\t\t\t\t<div class=\"elementor-element elementor-element-b2ca5b9 elementor-widget elementor-widget-heading\" data-id=\"b2ca5b9\" data-element_type=\"widget\" data-widget_type=\"heading.default\">\n\t\t\t\t<div class=\"elementor-widget-container\">\n\t\t\t\t\t<h2 class=\"elementor-heading-title elementor-size-default\">Trabajamos con los mejores fabricantes<\/h2>\t\t\t\t<\/div>\n\t\t\t\t<\/div>\n\t\t\t\t<div class=\"elementor-element elementor-element-950a7dd elementor-widget elementor-widget-text-editor\" data-id=\"950a7dd\" data-element_type=\"widget\" data-widget_type=\"text-editor.default\">\n\t\t\t\t<div class=\"elementor-widget-container\">\n\t\t\t\t\t\t\t\t\t<p>Trabajamos con los mejores Fabricantes a nivel de componentes y perif\u00e9ricos para oofrecerte en cada momento la sololuci\u00f3n adecuada a vuestras necesidades.<\/p><p>Buscamos siempre la mejor oferta a disposici\u00f3n de nuestros clientes facilitando la informaci\u00f3n necesaria para que se puedan conocer los productos antes de hacer efectivo un trato comercial.<\/p>\t\t\t\t\t\t\t\t<\/div>\n\t\t\t\t<\/div>\n\t\t\t\t\t<\/div>\n\t\t<\/div>\n\t\t\t\t\t<\/div>\n\t\t<\/section>\n\t\t\t\t<\/div>","protected":false},"excerpt":{"rendered":"<p>ITC Lleida, el teu inform\u00e0tic a Lleida Treballem amb els millors fabricants Treballem amb els millors Fabricants a nivell de components i perif\u00e8rics per tal d\u2019oferirt-vos en cada moment la sol.luci\u00f3 adequada a les vostres necessitats. Busquem sempre la millor oferta a disposici\u00f3 dels nostres clients facilitant la informaci\u00f3 necessaria per tal de que es [&hellip;]<\/p>","protected":false},"author":1,"featured_media":0,"parent":0,"menu_order":0,"comment_status":"closed","ping_status":"closed","template":"elementor_header_footer","meta":{"footnotes":""},"yoast_head":"<!-- This site is optimized with the Yoast SEO plugin v24.5 - https:\/\/yoast.com\/wordpress\/plugins\/seo\/ -->\n<title>Inform\u00e1tic Lleida<\/title>\n<meta name=\"description\" content=\"Treballem amb els millors fabricants de tecnologia. Confia en ITC Lleida.\" \/>\n<meta name=\"robots\" content=\"index, follow, max-snippet:-1, max-image-preview:large, max-video-preview:-1\" \/>\n<link rel=\"canonical\" href=\"https:\/\/itclleida.net\/es\/productos-y-partners\/\" \/>\n<meta property=\"og:locale\" content=\"es_ES\" \/>\n<meta property=\"og:type\" content=\"article\" \/>\n<meta property=\"og:title\" content=\"Inform\u00e1tic Lleida\" \/>\n<meta property=\"og:description\" content=\"Treballem amb els millors fabricants de tecnologia. Confia en ITC Lleida.\" \/>\n<meta property=\"og:url\" content=\"https:\/\/itclleida.net\/es\/productos-y-partners\/\" \/>\n<meta property=\"og:site_name\" content=\"I.T.C. LLEIDA\" \/>\n<meta property=\"article:modified_time\" content=\"2023-11-21T14:52:23+00:00\" \/>\n<meta property=\"og:image\" content=\"https:\/\/itclleida.net\/wp-content\/uploads\/2023\/09\/logos-proveidors-1024x650.jpg\" \/>\n<meta name=\"twitter:card\" content=\"summary_large_image\" \/>\n<meta name=\"twitter:label1\" content=\"Tiempo de lectura\" \/>\n\t<meta name=\"twitter:data1\" content=\"1 minuto\" \/>\n<script type=\"application\/ld+json\" class=\"yoast-schema-graph\">{\"@context\":\"https:\/\/schema.org\",\"@graph\":[{\"@type\":\"WebPage\",\"@id\":\"https:\/\/itclleida.net\/productes-i-partners\/\",\"url\":\"https:\/\/itclleida.net\/productes-i-partners\/\",\"name\":\"Inform\u00e1tic Lleida\",\"isPartOf\":{\"@id\":\"https:\/\/itclleida.net\/#website\"},\"primaryImageOfPage\":{\"@id\":\"https:\/\/itclleida.net\/productes-i-partners\/#primaryimage\"},\"image\":{\"@id\":\"https:\/\/itclleida.net\/productes-i-partners\/#primaryimage\"},\"thumbnailUrl\":\"https:\/\/itclleida.net\/wp-content\/uploads\/2023\/09\/logos-proveidors-1024x650.jpg\",\"datePublished\":\"2023-09-05T09:43:08+00:00\",\"dateModified\":\"2023-11-21T14:52:23+00:00\",\"description\":\"Treballem amb els millors fabricants de tecnologia. Confia en ITC Lleida.\",\"breadcrumb\":{\"@id\":\"https:\/\/itclleida.net\/productes-i-partners\/#breadcrumb\"},\"inLanguage\":\"es\",\"potentialAction\":[{\"@type\":\"ReadAction\",\"target\":[\"https:\/\/itclleida.net\/productes-i-partners\/\"]}]},{\"@type\":\"ImageObject\",\"inLanguage\":\"es\",\"@id\":\"https:\/\/itclleida.net\/productes-i-partners\/#primaryimage\",\"url\":\"https:\/\/itclleida.net\/wp-content\/uploads\/2023\/09\/logos-proveidors-1024x650.jpg\",\"contentUrl\":\"https:\/\/itclleida.net\/wp-content\/uploads\/2023\/09\/logos-proveidors-1024x650.jpg\"},{\"@type\":\"BreadcrumbList\",\"@id\":\"https:\/\/itclleida.net\/productes-i-partners\/#breadcrumb\",\"itemListElement\":[{\"@type\":\"ListItem\",\"position\":1,\"name\":\"Portada\",\"item\":\"https:\/\/itclleida.net\/\"},{\"@type\":\"ListItem\",\"position\":2,\"name\":\"Productes i Partners\"}]},{\"@type\":\"WebSite\",\"@id\":\"https:\/\/itclleida.net\/#website\",\"url\":\"https:\/\/itclleida.net\/\",\"name\":\"I.T.C. LLEIDA\",\"description\":\"\",\"potentialAction\":[{\"@type\":\"SearchAction\",\"target\":{\"@type\":\"EntryPoint\",\"urlTemplate\":\"https:\/\/itclleida.net\/?s={search_term_string}\"},\"query-input\":{\"@type\":\"PropertyValueSpecification\",\"valueRequired\":true,\"valueName\":\"search_term_string\"}}],\"inLanguage\":\"es\"}]}<\/script>\n<!-- \/ Yoast SEO plugin. -->","yoast_head_json":{"title":"Inform\u00e1tic Lleida","description":"Treballem amb els millors fabricants de tecnologia. Confia en ITC Lleida.","robots":{"index":"index","follow":"follow","max-snippet":"max-snippet:-1","max-image-preview":"max-image-preview:large","max-video-preview":"max-video-preview:-1"},"canonical":"https:\/\/itclleida.net\/es\/productos-y-partners\/","og_locale":"es_ES","og_type":"article","og_title":"Inform\u00e1tic Lleida","og_description":"Treballem amb els millors fabricants de tecnologia. Confia en ITC Lleida.","og_url":"https:\/\/itclleida.net\/es\/productos-y-partners\/","og_site_name":"I.T.C. LLEIDA","article_modified_time":"2023-11-21T14:52:23+00:00","og_image":[{"url":"https:\/\/itclleida.net\/wp-content\/uploads\/2023\/09\/logos-proveidors-1024x650.jpg","type":"","width":"","height":""}],"twitter_card":"summary_large_image","twitter_misc":{"Tiempo de lectura":"1 minuto"},"schema":{"@context":"https:\/\/schema.org","@graph":[{"@type":"WebPage","@id":"https:\/\/itclleida.net\/productes-i-partners\/","url":"https:\/\/itclleida.net\/productes-i-partners\/","name":"Inform\u00e1tic Lleida","isPartOf":{"@id":"https:\/\/itclleida.net\/#website"},"primaryImageOfPage":{"@id":"https:\/\/itclleida.net\/productes-i-partners\/#primaryimage"},"image":{"@id":"https:\/\/itclleida.net\/productes-i-partners\/#primaryimage"},"thumbnailUrl":"https:\/\/itclleida.net\/wp-content\/uploads\/2023\/09\/logos-proveidors-1024x650.jpg","datePublished":"2023-09-05T09:43:08+00:00","dateModified":"2023-11-21T14:52:23+00:00","description":"Treballem amb els millors fabricants de tecnologia. Confia en ITC Lleida.","breadcrumb":{"@id":"https:\/\/itclleida.net\/productes-i-partners\/#breadcrumb"},"inLanguage":"es","potentialAction":[{"@type":"ReadAction","target":["https:\/\/itclleida.net\/productes-i-partners\/"]}]},{"@type":"ImageObject","inLanguage":"es","@id":"https:\/\/itclleida.net\/productes-i-partners\/#primaryimage","url":"https:\/\/itclleida.net\/wp-content\/uploads\/2023\/09\/logos-proveidors-1024x650.jpg","contentUrl":"https:\/\/itclleida.net\/wp-content\/uploads\/2023\/09\/logos-proveidors-1024x650.jpg"},{"@type":"BreadcrumbList","@id":"https:\/\/itclleida.net\/productes-i-partners\/#breadcrumb","itemListElement":[{"@type":"ListItem","position":1,"name":"Portada","item":"https:\/\/itclleida.net\/"},{"@type":"ListItem","position":2,"name":"Productes i Partners"}]},{"@type":"WebSite","@id":"https:\/\/itclleida.net\/#website","url":"https:\/\/itclleida.net\/","name":"I.T.C. LLEIDA","description":"","potentialAction":[{"@type":"SearchAction","target":{"@type":"EntryPoint","urlTemplate":"https:\/\/itclleida.net\/?s={search_term_string}"},"query-input":{"@type":"PropertyValueSpecification","valueRequired":true,"valueName":"search_term_string"}}],"inLanguage":"es"}]}},"_links":{"self":[{"href":"https:\/\/itclleida.net\/es\/wp-json\/wp\/v2\/pages\/51"}],"collection":[{"href":"https:\/\/itclleida.net\/es\/wp-json\/wp\/v2\/pages"}],"about":[{"href":"https:\/\/itclleida.net\/es\/wp-json\/wp\/v2\/types\/page"}],"author":[{"embeddable":true,"href":"https:\/\/itclleida.net\/es\/wp-json\/wp\/v2\/users\/1"}],"replies":[{"embeddable":true,"href":"https:\/\/itclleida.net\/es\/wp-json\/wp\/v2\/comments?post=51"}],"version-history":[{"count":20,"href":"https:\/\/itclleida.net\/es\/wp-json\/wp\/v2\/pages\/51\/revisions"}],"predecessor-version":[{"id":408,"href":"https:\/\/itclleida.net\/es\/wp-json\/wp\/v2\/pages\/51\/revisions\/408"}],"wp:attachment":[{"href":"https:\/\/itclleida.net\/es\/wp-json\/wp\/v2\/media?parent=51"}],"curies":[{"name":"wp","href":"https:\/\/api.w.org\/{rel}","templated":true}]}}